{"id":59,"date":"2025-09-29T15:20:14","date_gmt":"2025-09-29T15:20:14","guid":{"rendered":"https:\/\/grup1.uabcilab.cat\/?page_id=59"},"modified":"2025-10-06T15:34:29","modified_gmt":"2025-10-06T15:34:29","slug":"arros-am","status":"publish","type":"page","link":"https:\/\/grupbk1.uabcilab.cat\/?page_id=59","title":{"rendered":"Arr\u00f2s amb pollastre i curri"},"content":{"rendered":"\n<h2 class=\"wp-block-heading\"><strong>Arr\u00f2s amb pollastre i curri<\/strong><\/h2>\n\n\n\n<h2 class=\"wp-block-heading\"><strong>Ingredients<\/strong><\/h2>\n\n\n\n<p><em>Per a 4 persones<\/em><\/p>\n\n\n\n<ul class=\"wp-block-list\">\n<li>2 pits de pollastre<\/li>\n\n\n\n<li>1 ceba<\/li>\n\n\n\n<li>1 llauna de llet de coco<\/li>\n\n\n\n<li>1 cullerada de pebre roig de la Vera<\/li>\n\n\n\n<li>Mitja cullerada de pebre roig picant<\/li>\n\n\n\n<li>1 cullerada sopera de curri groc en pols<\/li>\n\n\n\n<li>200 ml de tom\u00e0quet fregit<\/li>\n\n\n\n<li>Oli d&#8217;oliva verge extra<\/li>\n\n\n\n<li>Sal<\/li>\n\n\n\n<li>Arr\u00f2s blanc basmati<\/li>\n<\/ul>\n\n\n\n<p>Comencem tallant la ceba en trossos petit i escalfant-la en oli a foc lent, fins que s&#8217;escalfi molt b\u00e9, uns 15 minuts. Passat aquest temps vam agregar el pollastre tallat en trossos, salpebrem i cuinem uns minuts. <\/p>\n\n\n\n<p>Incorporem el pebre roig i el curri i donem unes voltes, nom\u00e9s uns 20 segons, perqu\u00e8 s&#8217;escalfi i no arribi a cremar-se. Seguidament agreguem el tom\u00e0quet fregit i deixem cuinar altres 3 minuts. Cobrim tot amb llet de coco, baixem el foc el m\u00ednim i deixem cuinar a foc baix durant uns 15 o 20 minuts. Mentrestant anem coent l&#8217;arr\u00f2s basmati, i quan acabem servim el pollastre al curri amb l&#8217;arr\u00f2s i a gaudir.<\/p>\n","protected":false},"excerpt":{"rendered":"<p>Arr\u00f2s amb pollastre i curri Ingredients Per a 4 persones Comencem tallant la ceba en trossos petit i escalfant-la en oli a foc lent, fins que s&#8217;escalfi molt [&hellip;]<\/p>\n","protected":false},"author":1,"featured_media":0,"parent":0,"menu_order":0,"comment_status":"closed","ping_status":"closed","template":"","meta":{"footnotes":""},"class_list":["post-59","page","type-page","status-publish","hentry"],"_links":{"self":[{"href":"https:\/\/grupbk1.uabcilab.cat\/index.php?rest_route=\/wp\/v2\/pages\/59","targetHints":{"allow":["GET"]}}],"collection":[{"href":"https:\/\/grupbk1.uabcilab.cat\/index.php?rest_route=\/wp\/v2\/pages"}],"about":[{"href":"https:\/\/grupbk1.uabcilab.cat\/index.php?rest_route=\/wp\/v2\/types\/page"}],"author":[{"embeddable":true,"href":"https:\/\/grupbk1.uabcilab.cat\/index.php?rest_route=\/wp\/v2\/users\/1"}],"replies":[{"embeddable":true,"href":"https:\/\/grupbk1.uabcilab.cat\/index.php?rest_route=%2Fwp%2Fv2%2Fcomments&post=59"}],"version-history":[{"count":10,"href":"https:\/\/grupbk1.uabcilab.cat\/index.php?rest_route=\/wp\/v2\/pages\/59\/revisions"}],"predecessor-version":[{"id":240,"href":"https:\/\/grupbk1.uabcilab.cat\/index.php?rest_route=\/wp\/v2\/pages\/59\/revisions\/240"}],"wp:attachment":[{"href":"https:\/\/grupbk1.uabcilab.cat\/index.php?rest_route=%2Fwp%2Fv2%2Fmedia&parent=59"}],"curies":[{"name":"wp","href":"https:\/\/api.w.org\/{rel}","templated":true}]}}